{"id":8927,"date":"2018-12-12T12:06:50","date_gmt":"2018-12-12T11:06:50","guid":{"rendered":"http:\/\/www.invest-expat.com\/?page_id=8927"},"modified":"2018-12-12T12:06:50","modified_gmt":"2018-12-12T11:06:50","slug":"politique-de-confidentialite","status":"publish","type":"page","link":"https:\/\/peaceful-dubinsky.54-37-225-243.plesk.page\/index.php\/politique-de-confidentialite\/","title":{"rendered":"Politique de confidentialit\u00e9"},"content":{"rendered":"<h3 style=\"text-align: left;\"><b>INTRODUCTION<\/b><\/h3>\n<p style=\"text-align: left;\">La protection de vos donn\u00e9es personnelles est importante pour nous.<\/p>\n<p style=\"text-align: left;\">Nous respectons ainsi l\u2019ensemble des dispositions applicables en mati\u00e8re de protection de la vie priv\u00e9e et des donn\u00e9es \u00e0 caract\u00e8re personnel, notamment la loi du 6 janvier 1978 modifi\u00e9e relative \u00e0 l\u2019informatique, aux fichiers et aux libert\u00e9s ainsi que le R\u00e8glement UE 2016\/679 du 27 avril 2016 relatif \u00e0 la protection des personnes physiques \u00e0 l\u2019\u00e9gard du traitement des donn\u00e9es \u00e0 caract\u00e8re personnel et \u00e0 la libre circulation de ces donn\u00e9es.<\/p>\n<p style=\"text-align: left;\">La pr\u00e9sente politique d\u00e9crit les donn\u00e9es personnelles que nous recueillons, comment elles sont utilis\u00e9es et partag\u00e9es, et vos droits \u00e0 cet \u00e9gard. Elle s&rsquo;applique \u00e0 tout utilisateur navigant sur le pr\u00e9sent site internet.<\/p>\n<p style=\"text-align: left;\">Nous nous r\u00e9servons par ailleurs le droit de modifier la pr\u00e9sente politique de confidentialit\u00e9 \u00e0 tout moment. La version la plus actuelle de la pr\u00e9sente politique r\u00e9git notre utilisation de vos informations et sera toujours disponible.<\/p>\n<h3 style=\"text-align: left;\"><b>RESPONSABLE DE TRAITEMENT DES DONNEES<\/b><\/h3>\n<p style=\"text-align: left;\">Soci\u00e9t\u00e9 : ALTEA PATRIMOINE<\/p>\n<p style=\"text-align: left;\">Si\u00e8ge social\u00a0:\u00a069, rue Torteron, 50 000 SAINT-L\u00d4<\/p>\n<p style=\"text-align: left;\">Pr\u00e9sident\u00a0: Julien VERILLON<\/p>\n<h3 style=\"text-align: left;\"><b>DONNEES QUE NOUS COLLECTIONS<\/b><\/h3>\n<p style=\"text-align: left;\">Dans le cadre de votre utilisation des services et de votre navigation sur notre site internet, la soci\u00e9t\u00e9 peut \u00eatre amen\u00e9e \u00e0 collecter plusieurs cat\u00e9gories de donn\u00e9es dont vous trouverez le d\u00e9tail ci-dessous. Ces donn\u00e9es proviennent :<\/p>\n<ul style=\"text-align: left;\">\n<li>Des informations que vous nous communiquez par le biais du formulaire contact, ou lorsque vous \u00e9changez avec la soci\u00e9t\u00e9. Ces informations personnelles sont notamment des donn\u00e9es permettant votre identification, (nom, pr\u00e9nom, adresse e-mail, num\u00e9ro de t\u00e9l\u00e9phone, coordonn\u00e9es postale).<\/li>\n<li>Des informations r\u00e9sultant de votre navigation sur le site internet (cookies).<\/li>\n<\/ul>\n<h3 style=\"text-align: left;\"><b>COOKIES<\/b><\/h3>\n<p style=\"text-align: left;\">Le site utilise des cookies. Il s\u2019agit de fichiers textes stock\u00e9s par l\u2019utilisateur sur un espace d\u00e9di\u00e9 du disque dur du terminal de l\u2019utilisateur, \u00e0 l\u2019occasion de la consultation du site. Tout utilisateur qui se rend sur le site est inform\u00e9 par un bandeau que la poursuite de sa navigation sur le site vaut accord au d\u00e9p\u00f4t de cookies sur son terminal.<\/p>\n<h4 style=\"text-align: left;\">Quels sont les types de cookies utilis\u00e9s sur le site internet ?<\/h4>\n<p style=\"text-align: left;\">Les cookies sont utilis\u00e9s aux fins d\u00e9crites ci-dessous, sous r\u00e9serve des choix de l\u2019utilisateur qui r\u00e9sultent des param\u00e9trages du logiciel de navigation utilis\u00e9 lors de la visite sur le site.<\/p>\n<p style=\"text-align: left;\">Les cookies sont \u00e9mis par Google Analytics pour recueillir la fa\u00e7on dont l\u2019utilisateur navigue sur le site. Les cookies recueillent des informations sous forme anonyme, notamment le nombre de visiteurs sur le site et les pages visit\u00e9es. Ces cookies permettent d\u2019am\u00e9liorer les services et ne permettent en aucun cas de suivre l\u2019utilisateur sur d\u2019autres sites internet.<\/p>\n<h4 style=\"text-align: left;\">Comment param\u00e9trer les cookies\u00a0:<\/h4>\n<p style=\"text-align: left;\">L\u2019Utilisateur peut s\u2019opposer \u00e0 l&rsquo;enregistrement de cookies sur son ordinateur en configurant son poste informatique de la mani\u00e8re suivante :<\/p>\n<p style=\"text-align: left;\">Pour Microsoft Internet Explorer 6.0 et + :<br \/>\n1. Choisir le menu \u00ab\u00a0Outils\u00a0\u00bb (ou \u00ab\u00a0Tools\u00a0\u00bb), puis \u00ab\u00a0Options Internet\u00a0\u00bb (ou \u00ab\u00a0Internet Options\u00a0\u00bb)<br \/>\n2. Cliquer sur l&rsquo;onglet \u00ab\u00a0Confidentialit\u00e9\u00a0\u00bb (ou \u00ab\u00a0Confidentiality\u00a0\u00bb)<br \/>\n3. S\u00e9lectionner le niveau souhait\u00e9 \u00e0 l&rsquo;aide du curseur ou cliquer sur le bouton \u00ab\u00a0Avanc\u00e9\u00a0\u00bb pour personnaliser la gestion des cookies.<\/p>\n<p style=\"text-align: left;\">Pour Firefox 3.5 et + :<br \/>\n1. Choisir le menu \u00ab\u00a0Outils\u00a0\u00bb (ou \u00ab\u00a0Tools\u00a0\u00bb), puis \u00ab\u00a0Options \u00a0\u00bb<br \/>\n2. Cliquer sur l&rsquo;onglet \u00ab\u00a0Vie priv\u00e9e\u00a0\u00bb\u00a0\u20283. Dans \u00ab R\u00e8gles de conservation \u00bb, s\u00e9lectionner \u00ab Utiliser les param\u00e8tres personnalis\u00e9s pour l\u2019historique \u00bb et d\u00e9cocher le bouton \u00ab\u00a0Accepter les cookies\u00a0\u00bb.<\/p>\n<p style=\"text-align: left;\">Pour Chrome :<br \/>\n1. Choisir le menu \u00ab\u00a0Outils\u00a0\u00bb (ou \u00ab\u00a0Tools\u00a0\u00bb), puis \u00ab\u00a0Options \u00a0\u00bb<br \/>\n2. Cliquer sur l&rsquo;onglet \u00ab\u00a0Options avanc\u00e9es\u00a0\u00bb<br \/>\n3. Dans \u00ab Param\u00e8tres de contenu \u00bb, cocher le bouton \u00ab Interdire \u00e0 tous les sites de stocker les donn\u00e9es \u00bb.<\/p>\n<p style=\"text-align: left;\">Pour Netscape 6.X et 7.X :<br \/>\n1. Choisir le menu \u00ab\u00a0Edition\u00a0\u00bb&gt;\u00a0\u00bbPr\u00e9f\u00e9rences\u00a0\u00bb<br \/>\n2. Confidentialit\u00e9 et S\u00e9curit\u00e9<br \/>\n3. Cookies<\/p>\n<p style=\"text-align: left;\">Pour Op\u00e9ra 6.0 et au-del\u00e0 :<br \/>\n1. Choisir le menu \u00ab\u00a0Fichier\u00a0\u00bb&gt;\u00a0\u00bbPr\u00e9f\u00e9rences\u00a0\u00bb<br \/>\n2. Vie Priv\u00e9e<\/p>\n<p style=\"text-align: left;\">A d\u00e9faut, l\u2019utilisateur accepte les cookies en poursuivant sa navigation.<\/p>\n<h3 style=\"text-align: left;\"><b>FINALITES <\/b><\/h3>\n<p style=\"text-align: left;\">Les donn\u00e9es que nous collectons nous permettent de :<\/p>\n<ul style=\"text-align: left;\">\n<li>communiquez avec vous et r\u00e9pondre \u00e0 vos demandes;<\/li>\n<li>vous adresser des communications pertinentes et adapt\u00e9es \u00e0 vos besoins en lien avec les services du site;<\/li>\n<li>am\u00e9liorer nos services;<\/li>\n<\/ul>\n<h3 style=\"text-align: left;\"><b>BASE JURIDIQUE DES TRAITEMENTS<\/b><\/h3>\n<p style=\"text-align: left;\">La soci\u00e9t\u00e9 est susceptible de traiter certaines donn\u00e9es vous concernant sur la base de votre consentement, en raison d\u2019obligations l\u00e9gales ou pour r\u00e9pondre \u00e0 notre int\u00e9r\u00eat l\u00e9gitime \u00e0 les traiter.<\/p>\n<h3 style=\"text-align: left;\"><b>DESTINATAIRES OU CATEGORIES DE DESTINATAIRES<\/b><\/h3>\n<p style=\"text-align: left;\">La soci\u00e9t\u00e9 est destinataire des donn\u00e9es \u00e0 caract\u00e8re personnel recueillies par l&rsquo;interm\u00e9diaire du site.<\/p>\n<p style=\"text-align: left;\">Certains des services mis \u00e0 votre disposition par la soci\u00e9t\u00e9 requi\u00e8rent que nous partagions des informations avec nos partenaires commerciaux.<\/p>\n<p style=\"text-align: left;\">Nous sommes \u00e9galement susceptibles de partager certaines informations pour des raisons juridiques ou en cas de litige.<\/p>\n<p style=\"text-align: left;\">Enfin, nous ne communiquons vos donn\u00e9es personnelles \u00e0 des entreprises ou des personnes tierces que dans les circonstances suivantes. Ainsi, nous faisons notamment appel \u00e0\u00a0:<\/p>\n<ul style=\"text-align: left;\">\n<li>Google LLC (Google analytics) pour la r\u00e9alisation de statistiques;<\/li>\n<li>The Rocket Science Group LLC (MailChimp) pour l\u2019envoi de nos communications (emails de prospection, newsletters)<\/li>\n<li>Nos prestataires charg\u00e9s d\u2019assurer l\u2019h\u00e9bergement et la s\u00e9curit\u00e9 de nos syst\u00e8mes d\u2019information et de notre site ainsi que des donn\u00e9es que vous nous communiquez<\/li>\n<\/ul>\n<p style=\"text-align: left;\">Nous conservons ou divulguons vos informations si nous estimons que cela est raisonnablement n\u00e9cessaire pour satisfaire \u00e0 toute obligation l\u00e9gale ou r\u00e9glementaire, toute proc\u00e9dure juridique ou demande administrative, pour prot\u00e9ger la s\u00e9curit\u00e9 d\u2019une personne, pour traiter tout probl\u00e8me de nature frauduleuse, s\u00e9curitaire ou technique, ou pour prot\u00e9ger les droits ou les biens de nos utilisateurs.<\/p>\n<p style=\"text-align: left;\">La soci\u00e9t\u00e9 ne revend pas vos donn\u00e9es. Par cons\u00e9quent, la soci\u00e9t\u00e9 ne divulgue pas d\u2019informations personnelles en dehors des situations d\u00e9crites dans la pr\u00e9sente politique de confidentialit\u00e9.<\/p>\n<h3 style=\"text-align: left;\"><b>DUREE DE CONSERVATION DES DONNEES<\/b><\/h3>\n<p style=\"text-align: left;\">Les donn\u00e9es personnelles collect\u00e9es sont conserv\u00e9es uniquement le temps n\u00e9cessaire \u00e0 l\u2019accomplissement de la demande.<\/p>\n<p style=\"text-align: left;\">Toutefois, les donn\u00e9es personnelles et\/ou informations li\u00e9es \u00e0 l\u2019exercice de vos droits (droit d\u2019acc\u00e8s, de rectification, de suppression, de portabilit\u00e9) seront conserv\u00e9es pendant un an puis supprimer \u00e0 l\u2019\u00e9ch\u00e9ance de ce d\u00e9lai.<\/p>\n<h3 style=\"text-align: left;\"><b>SECURITE DES DONNEES<\/b><\/h3>\n<p style=\"text-align: left;\">Nous mettons en \u0153uvre les mesures techniques et organisationnelles appropri\u00e9es afin de garantir la s\u00e9curit\u00e9, la confidentialit\u00e9, l&rsquo;int\u00e9grit\u00e9 et la disponibilit\u00e9 des services et prot\u00e9ger les donn\u00e9es contre la destruction, la perte, l&rsquo;alt\u00e9ration, la divulgation non autoris\u00e9e de donn\u00e9es \u00e0 caract\u00e8re personnel transmises, conserv\u00e9es ou trait\u00e9es d&rsquo;une autre mani\u00e8re, ou l&rsquo;acc\u00e8s non autoris\u00e9 \u00e0 de telles donn\u00e9es.<\/p>\n<h3 style=\"text-align: left;\"><b>TRANSFERT DES DONNEES HORS UE<\/b><\/h3>\n<p style=\"text-align: left;\">Tous nos serveurs sur lesquels vos donn\u00e9es sont conserv\u00e9es et ceux des prestataires utilis\u00e9s pour \u00e9changer et stocker ces donn\u00e9es sont localis\u00e9s en Europe.<\/p>\n<p style=\"text-align: left;\">Tr\u00e8s exceptionnellement, si certains traitements \u00e9taient transf\u00e9r\u00e9s dans un Etat tiers \u00e0 l\u2019Union europ\u00e9enne, nous v\u00e9rifions pr\u00e9alablement que nos prestataires respectent leurs obligations en mati\u00e8re de protection des donn\u00e9es de nos utilisateurs.<\/p>\n<h3 style=\"text-align: left;\"><b>VOS DROITS<\/b><\/h3>\n<p style=\"text-align: left;\">Vous disposez d&rsquo;un droit d&rsquo;acc\u00e8s, de rectification, d\u2019effacement, de limitation, d\u2019opposition et \u00e0 la portabilit\u00e9 des donn\u00e9es \u00e0 caract\u00e8re personnel vous concernant.<\/p>\n<p style=\"text-align: left;\">Notez que vous n\u2019avez pas besoin de payer des frais pour acc\u00e9der \u00e0 vos donn\u00e9es personnelles ou exercer vos droits. Cependant, nous pourrions exiger des frais raisonnables si votre demande \u00e9tait manifestement infond\u00e9e, r\u00e9p\u00e9titive ou excessive.<\/p>\n<p style=\"text-align: left;\">Nous pouvons par ailleurs \u00eatre amen\u00e9s \u00e0 vous contacter pour vous demander des informations compl\u00e9mentaires par rapport \u00e0 votre demande afin de vous r\u00e9pondre. Toute r\u00e9ponse vous sera d\u2019ailleurs apport\u00e9e dans un d\u00e9lai d\u2019un mois. Exceptionnellement, il serait possible que nous exc\u00e9dions ce d\u00e9lai d\u2019un mois si votre demande \u00e9tait particuli\u00e8rement complexe.<\/p>\n<h3 style=\"text-align: left;\"><b>DROIT D\u2019INTRODUIRE UN RECOURS AUPRES D\u2019UNE AUTORITE DE CONTROLE<\/b><\/h3>\n<p style=\"text-align: left;\">L\u2019autorit\u00e9 de contr\u00f4le comp\u00e9tente pour conna\u00eetre de toute demande nous concernant, est la Commission Nationale de l&rsquo;Informatique et des Libert\u00e9s (CNIL).<\/p>\n<p style=\"text-align: left;\">Si souhaitez saisir la CNIL de toute demande, vous trouverez ci-dessous les coordonn\u00e9es:<\/p>\n<p style=\"text-align: left;\">CNIL (COMMISSION NATIONALE DE L\u2019INFORMATIQUE ET DES LIBERT\u00c9S)<\/p>\n<p style=\"text-align: left;\">3 Place de Fontenoy &#8211; TSA 80715 &#8211; 75334 PARIS CEDEX 07<\/p>\n<p style=\"text-align: left;\">T\u00e9l. : 01 53 73 22 22<\/p>\n<p style=\"text-align: left;\">(du lundi au jeudi de 9h \u00e0 18h30 \/ le vendredi de 9h \u00e0 18h)<\/p>\n<p style=\"text-align: left;\">Fax : 01 53 73 22 00<\/p>\n<p style=\"text-align: left;\">Si vous souhaitez d\u00e9poser une plainte aupr\u00e8s de la CNIL, vous pouvez renseigner le formulaire de d\u00e9p\u00f4t de plainte en ligne disponible \u00e0 l\u2019adresse suivante: https:\/\/www.cnil.fr\/fr\/plaintes<\/p>\n<p style=\"text-align: left;\">Si vous avez une question sur vos droits informatique et libert\u00e9s, vous pouvez consulter le site de la CNIL: www.cnil.fr.<\/p>\n<p>&nbsp;<\/p>\n","protected":false},"excerpt":{"rendered":"<p>INTRODUCTION La protection de vos donn\u00e9es personnelles est importante pour nous. Nous respectons ainsi l\u2019ensemble des dispositions applicables en mati\u00e8re de protection de la vie&#8230;<\/p>\n","protected":false},"author":1,"featured_media":0,"parent":0,"menu_order":0,"comment_status":"closed","ping_status":"closed","template":"mentions.php","meta":{"footnotes":""},"class_list":["post-8927","page","type-page","status-publish","hentry"],"yoast_head":"<!-- This site is optimized with the Yoast SEO plugin v27.5 - https:\/\/yoast.com\/product\/yoast-seo-wordpress\/ -->\n<title>Politique de confidentialit\u00e9 - invest-expat<\/title>\n<meta name=\"robots\" content=\"index, follow, max-snippet:-1, max-image-preview:large, max-video-preview:-1\" \/>\n<link rel=\"canonical\" href=\"https:\/\/peaceful-dubinsky.54-37-225-243.plesk.page\/index.php\/politique-de-confidentialite\/\" \/>\n<meta property=\"og:locale\" content=\"fr_FR\" \/>\n<meta property=\"og:type\" content=\"article\" \/>\n<meta property=\"og:title\" content=\"Politique de confidentialit\u00e9 - invest-expat\" \/>\n<meta property=\"og:description\" content=\"INTRODUCTION La protection de vos donn\u00e9es personnelles est importante pour nous. Nous respectons ainsi l\u2019ensemble des dispositions applicables en mati\u00e8re de protection de la vie...\" \/>\n<meta property=\"og:url\" content=\"https:\/\/peaceful-dubinsky.54-37-225-243.plesk.page\/index.php\/politique-de-confidentialite\/\" \/>\n<meta property=\"og:site_name\" content=\"invest-expat\" \/>\n<meta name=\"twitter:card\" content=\"summary_large_image\" \/>\n<meta name=\"twitter:label1\" content=\"Dur\u00e9e de lecture estim\u00e9e\" \/>\n\t<meta name=\"twitter:data1\" content=\"7 minutes\" \/>\n<script type=\"application\/ld+json\" class=\"yoast-schema-graph\">{\"@context\":\"https:\\\/\\\/schema.org\",\"@graph\":[{\"@type\":\"WebPage\",\"@id\":\"https:\\\/\\\/peaceful-dubinsky.54-37-225-243.plesk.page\\\/index.php\\\/politique-de-confidentialite\\\/\",\"url\":\"https:\\\/\\\/peaceful-dubinsky.54-37-225-243.plesk.page\\\/index.php\\\/politique-de-confidentialite\\\/\",\"name\":\"Politique de confidentialit\u00e9 - invest-expat\",\"isPartOf\":{\"@id\":\"https:\\\/\\\/peaceful-dubinsky.54-37-225-243.plesk.page\\\/#website\"},\"datePublished\":\"2018-12-12T11:06:50+00:00\",\"breadcrumb\":{\"@id\":\"https:\\\/\\\/peaceful-dubinsky.54-37-225-243.plesk.page\\\/index.php\\\/politique-de-confidentialite\\\/#breadcrumb\"},\"inLanguage\":\"fr-FR\",\"potentialAction\":[{\"@type\":\"ReadAction\",\"target\":[\"https:\\\/\\\/peaceful-dubinsky.54-37-225-243.plesk.page\\\/index.php\\\/politique-de-confidentialite\\\/\"]}]},{\"@type\":\"BreadcrumbList\",\"@id\":\"https:\\\/\\\/peaceful-dubinsky.54-37-225-243.plesk.page\\\/index.php\\\/politique-de-confidentialite\\\/#breadcrumb\",\"itemListElement\":[{\"@type\":\"ListItem\",\"position\":1,\"name\":\"Accueil\",\"item\":\"https:\\\/\\\/peaceful-dubinsky.54-37-225-243.plesk.page\\\/\"},{\"@type\":\"ListItem\",\"position\":2,\"name\":\"Politique de confidentialit\u00e9\"}]},{\"@type\":\"WebSite\",\"@id\":\"https:\\\/\\\/peaceful-dubinsky.54-37-225-243.plesk.page\\\/#website\",\"url\":\"https:\\\/\\\/peaceful-dubinsky.54-37-225-243.plesk.page\\\/\",\"name\":\"invest-expat\",\"description\":\"\",\"potentialAction\":[{\"@type\":\"SearchAction\",\"target\":{\"@type\":\"EntryPoint\",\"urlTemplate\":\"https:\\\/\\\/peaceful-dubinsky.54-37-225-243.plesk.page\\\/?s={search_term_string}\"},\"query-input\":{\"@type\":\"PropertyValueSpecification\",\"valueRequired\":true,\"valueName\":\"search_term_string\"}}],\"inLanguage\":\"fr-FR\"}]}<\/script>\n<!-- \/ Yoast SEO plugin. -->","yoast_head_json":{"title":"Politique de confidentialit\u00e9 - invest-expat","robots":{"index":"index","follow":"follow","max-snippet":"max-snippet:-1","max-image-preview":"max-image-preview:large","max-video-preview":"max-video-preview:-1"},"canonical":"https:\/\/peaceful-dubinsky.54-37-225-243.plesk.page\/index.php\/politique-de-confidentialite\/","og_locale":"fr_FR","og_type":"article","og_title":"Politique de confidentialit\u00e9 - invest-expat","og_description":"INTRODUCTION La protection de vos donn\u00e9es personnelles est importante pour nous. Nous respectons ainsi l\u2019ensemble des dispositions applicables en mati\u00e8re de protection de la vie...","og_url":"https:\/\/peaceful-dubinsky.54-37-225-243.plesk.page\/index.php\/politique-de-confidentialite\/","og_site_name":"invest-expat","twitter_card":"summary_large_image","twitter_misc":{"Dur\u00e9e de lecture estim\u00e9e":"7 minutes"},"schema":{"@context":"https:\/\/schema.org","@graph":[{"@type":"WebPage","@id":"https:\/\/peaceful-dubinsky.54-37-225-243.plesk.page\/index.php\/politique-de-confidentialite\/","url":"https:\/\/peaceful-dubinsky.54-37-225-243.plesk.page\/index.php\/politique-de-confidentialite\/","name":"Politique de confidentialit\u00e9 - invest-expat","isPartOf":{"@id":"https:\/\/peaceful-dubinsky.54-37-225-243.plesk.page\/#website"},"datePublished":"2018-12-12T11:06:50+00:00","breadcrumb":{"@id":"https:\/\/peaceful-dubinsky.54-37-225-243.plesk.page\/index.php\/politique-de-confidentialite\/#breadcrumb"},"inLanguage":"fr-FR","potentialAction":[{"@type":"ReadAction","target":["https:\/\/peaceful-dubinsky.54-37-225-243.plesk.page\/index.php\/politique-de-confidentialite\/"]}]},{"@type":"BreadcrumbList","@id":"https:\/\/peaceful-dubinsky.54-37-225-243.plesk.page\/index.php\/politique-de-confidentialite\/#breadcrumb","itemListElement":[{"@type":"ListItem","position":1,"name":"Accueil","item":"https:\/\/peaceful-dubinsky.54-37-225-243.plesk.page\/"},{"@type":"ListItem","position":2,"name":"Politique de confidentialit\u00e9"}]},{"@type":"WebSite","@id":"https:\/\/peaceful-dubinsky.54-37-225-243.plesk.page\/#website","url":"https:\/\/peaceful-dubinsky.54-37-225-243.plesk.page\/","name":"invest-expat","description":"","potentialAction":[{"@type":"SearchAction","target":{"@type":"EntryPoint","urlTemplate":"https:\/\/peaceful-dubinsky.54-37-225-243.plesk.page\/?s={search_term_string}"},"query-input":{"@type":"PropertyValueSpecification","valueRequired":true,"valueName":"search_term_string"}}],"inLanguage":"fr-FR"}]}},"_links":{"self":[{"href":"https:\/\/peaceful-dubinsky.54-37-225-243.plesk.page\/index.php\/wp-json\/wp\/v2\/pages\/8927","targetHints":{"allow":["GET"]}}],"collection":[{"href":"https:\/\/peaceful-dubinsky.54-37-225-243.plesk.page\/index.php\/wp-json\/wp\/v2\/pages"}],"about":[{"href":"https:\/\/peaceful-dubinsky.54-37-225-243.plesk.page\/index.php\/wp-json\/wp\/v2\/types\/page"}],"author":[{"embeddable":true,"href":"https:\/\/peaceful-dubinsky.54-37-225-243.plesk.page\/index.php\/wp-json\/wp\/v2\/users\/1"}],"replies":[{"embeddable":true,"href":"https:\/\/peaceful-dubinsky.54-37-225-243.plesk.page\/index.php\/wp-json\/wp\/v2\/comments?post=8927"}],"version-history":[{"count":0,"href":"https:\/\/peaceful-dubinsky.54-37-225-243.plesk.page\/index.php\/wp-json\/wp\/v2\/pages\/8927\/revisions"}],"wp:attachment":[{"href":"https:\/\/peaceful-dubinsky.54-37-225-243.plesk.page\/index.php\/wp-json\/wp\/v2\/media?parent=8927"}],"curies":[{"name":"wp","href":"https:\/\/api.w.org\/{rel}","templated":true}]}}